{"id":299,"date":"2021-08-13T13:56:40","date_gmt":"2021-08-13T13:56:40","guid":{"rendered":"https:\/\/www.gomachupicchubycar.com\/es\/?post_type=product&#038;p=299"},"modified":"2025-04-05T22:48:43","modified_gmt":"2025-04-05T22:48:43","slug":"visita-laguna-humantay-en-1-dia","status":"publish","type":"product","link":"https:\/\/www.gomachupicchubycar.com\/es\/tours\/visita-laguna-humantay-en-1-dia\/","title":{"rendered":"Tour Laguna Humantay en 1 Dia"},"content":{"rendered":"<p><strong>Tour Laguna Humantay en 1 D\u00eda desde Cusco<\/strong>. Uno de los principales atractivos tur\u00edsticos del Cusco es la <a href=\"https:\/\/www.donperutours.com\/es\/tours\/tour-a-la-laguna-humantay\/\" target=\"_blank\" rel=\"noopener\">Laguna Humantay<\/a>, tambi\u00e9n conocida como la <a href=\"https:\/\/www.mountainpalcoyo.com\/es\/tours\/tour-laguna-humantay\/\" target=\"_blank\" rel=\"noopener\">Laguna turquesa de Humantay<\/a>. Para visitar este atractivo tur\u00edstico debes tener una condici\u00f3n f\u00edsica moderada. Visita este atractivo tur\u00edstico ubicado en la cordillera andina ubicada a 4200 metros sobre el nivel del mar.<\/p>\n<h2>Laguna Humantay<\/h2>\n<p><a href=\"https:\/\/wa.me\/51960049879\"><img loading=\"lazy\" decoding=\"async\" class=\"alignnone size-full wp-image-38\" src=\"https:\/\/www.gomachupicchubycar.com\/es\/wp-content\/uploads\/2020\/03\/reservar.png\" alt=\"reservar\" width=\"220\" height=\"30\" \/><\/a><\/p>\n<p><strong>Precio<\/strong>: USD 35.00 por persona<br \/>\n<strong>Inicio<\/strong>: 4:30 a 18:00 hrs<br \/>\n<strong>Dificultad<\/strong>: Media Alta<br \/>\n<strong>Salidas diarias<\/strong><br \/>\n<strong>Tipo<\/strong>: Caminata<br \/>\n<strong>Grupo compartido<\/strong><br \/>\n<strong>Salud<\/strong>: Contamos con todos los protocolos de Bioseguridad.<\/p>\n<p><strong>Incluye<\/strong>:<br \/>\n<i class=\"fa fa-check icon-tick icon-tick--on\"><\/i> Recojo en el hotel o Airbnb.<br \/>\n<i class=\"fa fa-check icon-tick icon-tick--on\"><\/i> Transporte turistico<br \/>\n<i class=\"fa fa-check icon-tick icon-tick--on\"><\/i> Desayuno y Almuerzo<br \/>\n<i class=\"fa fa-check icon-tick icon-tick--on\"><\/i> Gu\u00eda bilingue (Espa\u00f1ol \/ Ingles)<br \/>\n<i class=\"fa fa-check icon-tick icon-tick--on\"><\/i> Entrada Laguna Humantay<br \/>\n<i class=\"fa fa-check icon-tick icon-tick--on\"><\/i> Balon de oxigeno y botiquin de primeros auxilios<br \/>\n<i class=\"fa fa-check icon-tick icon-tick--on\"><\/i> Drop off en el centro de <a href=\"https:\/\/www.gomachupicchubycar.com\/es\/tours\/city-tour-cusco-medio-dia\/\" target=\"_blank\" rel=\"noopener\">Cusco<\/a><\/p>\n<p><strong>No Incluye<\/strong>:<br \/>\n<i class=\"fa fa-times icon-tick icon-tick--off\"><\/i> Seguro de viaje<br \/>\n<i class=\"fa fa-times icon-tick icon-tick--off\"><\/i> Propinas<br \/>\n<i class=\"fa fa-times icon-tick icon-tick--off\"><\/i> Otros servicios no mencionados en el Tour.<\/p>\n<p><strong>Recomendaciones<\/strong>: Llevar protector facial y mascarilla, casaca o ropa abrigadora, bloqueador solar, lentes de sol, gorra, para temporada de lluvias un poncho de agua, zapatos de caminata (hike \/ treeking) y agua.<\/p>\n<h2>Itinerario Laguna Humantay<\/h2>\n<p>Nuestro recorrido comenzara muy temprano. Alrededor de las 4:00 pasaremos a recoger a todos los pasajeros de sus respectivos Hoteles \/ Airbnb \/ Hostel. Seguidamente tendremos un viaje al norte del Cusco con direcci\u00f3n al pueblo de Mollepata donde tendremos nuestro desayuno. Posteriormente iremos al campamento de Soraypampa donde iniciara nuestra caminata hacia la <a href=\"https:\/\/www.riorojocusco.com\/tours\/laguna-humantay-en-1-dia\/\" target=\"_blank\" rel=\"noopener\">Laguna Humantay<\/a>. En el camino podr\u00e1s observar animales andinos de la zona y excelentes paisajes. La duraci\u00f3n de la caminata es de aproximadamente 1 hora y 30 minutos, todo depender\u00e1 del estado f\u00edsico de cada persona.<\/p>\n<p>Al llegar a la <strong>Laguna Humantay<\/strong> tendr\u00e1s informaci\u00f3n valiosa del Gu\u00eda y posteriormente tendr\u00e1s tiempo de visitar el lugar y tomar fotos de este hermoso atractivo tur\u00edstico. Seguidamente regresaremos a nuestro campamento para tener nuestro almuerzo.<\/p>\n<p>Finalmente regresaremos a la ciudad del Cusco y nuestra llegada ser\u00e1 aproximadamente 18:00 hrs y el drop off ser\u00e1 en el centro del Cusco.<\/p>\n","protected":false},"excerpt":{"rendered":"<div class=\"padding-top text-center\"><a href=\"https:\/\/www.gomachupicchubycar.com\/es\/tours\/visita-laguna-humantay-en-1-dia\/\" class=\"atbtn atbtn--medium atbtn--rounded atbtn--transparent\">Continuar lectura&#8230;<i class=\"atbtn__icon atbtn__icon--right fa fa-long-arrow-right\"><\/i><\/a><\/div>\n","protected":false},"featured_media":305,"comment_status":"closed","ping_status":"closed","template":"","meta":[],"product_brand":[],"product_cat":[20],"product_tag":[],"class_list":{"0":"post-299","1":"product","2":"type-product","3":"status-publish","4":"has-post-thumbnail","6":"product_cat-full-day","7":"tour_category-full-day","9":"first","10":"instock","11":"sale","12":"shipping-taxable","13":"purchasable","14":"product-type-tour"},"aioseo_notices":[],"_links":{"self":[{"href":"https:\/\/www.gomachupicchubycar.com\/es\/wp-json\/wp\/v2\/product\/299","targetHints":{"allow":["GET"]}}],"collection":[{"href":"https:\/\/www.gomachupicchubycar.com\/es\/wp-json\/wp\/v2\/product"}],"about":[{"href":"https:\/\/www.gomachupicchubycar.com\/es\/wp-json\/wp\/v2\/types\/product"}],"replies":[{"embeddable":true,"href":"https:\/\/www.gomachupicchubycar.com\/es\/wp-json\/wp\/v2\/comments?post=299"}],"wp:featuredmedia":[{"embeddable":true,"href":"https:\/\/www.gomachupicchubycar.com\/es\/wp-json\/wp\/v2\/media\/305"}],"wp:attachment":[{"href":"https:\/\/www.gomachupicchubycar.com\/es\/wp-json\/wp\/v2\/media?parent=299"}],"wp:term":[{"taxonomy":"product_brand","embeddable":true,"href":"https:\/\/www.gomachupicchubycar.com\/es\/wp-json\/wp\/v2\/product_brand?post=299"},{"taxonomy":"product_cat","embeddable":true,"href":"https:\/\/www.gomachupicchubycar.com\/es\/wp-json\/wp\/v2\/product_cat?post=299"},{"taxonomy":"product_tag","embeddable":true,"href":"https:\/\/www.gomachupicchubycar.com\/es\/wp-json\/wp\/v2\/product_tag?post=299"}],"curies":[{"name":"wp","href":"https:\/\/api.w.org\/{rel}","templated":true}]}}