{"id":307,"date":"2021-08-13T15:15:07","date_gmt":"2021-08-13T15:15:07","guid":{"rendered":"https:\/\/www.gomachupicchubycar.com\/es\/?post_type=product&#038;p=307"},"modified":"2025-04-05T22:53:42","modified_gmt":"2025-04-05T22:53:42","slug":"visita-valle-sur-cusco-en-medio-dia","status":"publish","type":"product","link":"https:\/\/www.gomachupicchubycar.com\/es\/tours\/visita-valle-sur-cusco-en-medio-dia\/","title":{"rendered":"Tour Valle Sur Cusco en Medio Dia"},"content":{"rendered":"<p><strong>Tour Valle Sur Cusco en Medio d\u00eda<\/strong>. Este circuito es perfecto ya que visitaremos 3 atractivos tur\u00edsticos en medio d\u00eda: El <a href=\"https:\/\/www.mountainpalcoyo.com\/es\/tours\/tour-valle-sur-cusco\/\" target=\"_blank\" rel=\"noopener\">parque arqueol\u00f3gico de Tipon<\/a>, el parque arqueol\u00f3gico de Pikillacta y la iglesia de San Pedro Ap\u00f3stol de Andahuaylillas conocido tambi\u00e9n como: \u00abla Capilla Sixtina de Am\u00e9rica\u00bb. El <a href=\"https:\/\/www.donperutours.com\/es\/tours\/city-tour-cusco-y-valle-sur-cusco-en-un-1-dia\/\" target=\"_blank\" rel=\"noopener\">valle sur cusco<\/a> es ideal para ver hermosos paisajes y visitar los principales atractivos tur\u00edsticos de esta ruta.<\/p>\n<h2>Valle Sur Cusco<\/h2>\n<p><a href=\"https:\/\/wa.me\/51960049879\"><img loading=\"lazy\" decoding=\"async\" class=\"alignnone size-full wp-image-38\" src=\"https:\/\/www.gomachupicchubycar.com\/es\/wp-content\/uploads\/2020\/03\/reservar.png\" alt=\"reservar\" width=\"220\" height=\"30\" \/><\/a><\/p>\n<p><strong>Precio<\/strong>: USD 20.00 por persona<br \/>\n<strong>Inicio<\/strong>: 8:00 a 14:00 hrs<br \/>\n<strong>Dificultad<\/strong>: Media Baja<br \/>\n<strong>Salidas diarias<\/strong><br \/>\n<strong>Tipo<\/strong>: Caminata<br \/>\n<strong>Grupo compartido<\/strong><br \/>\n<strong>Salud<\/strong>: Contamos con todos los protocolos de Bioseguridad.<\/p>\n<p><strong>Incluye<\/strong>:<br \/>\n<i class=\"fa fa-check icon-tick icon-tick--on\"><\/i> Recojo en el hotel o Airbnb.<br \/>\n<i class=\"fa fa-check icon-tick icon-tick--on\"><\/i> Transporte turistico<br \/>\n<i class=\"fa fa-check icon-tick icon-tick--on\"><\/i> Gu\u00eda bilingue (Espa\u00f1ol \/ Ingles)<br \/>\n<i class=\"fa fa-check icon-tick icon-tick--on\"><\/i> Drop off en el centro de <a href=\"https:\/\/www.gomachupicchubycar.com\/es\/tours\/city-tour-cusco-medio-dia\/\" target=\"_blank\" rel=\"noopener\">Cusco<\/a><br \/>\n<i class=\"fa fa-check icon-tick icon-tick--on\"><\/i> Asistencia personalizada<\/p>\n<p><strong>No Incluye<\/strong>:<br \/>\n<i class=\"fa fa-times icon-tick icon-tick--off\"><\/i> Seguro de viaje<br \/>\n<i class=\"fa fa-times icon-tick icon-tick--off\"><\/i> Propinas<br \/>\n<i class=\"fa fa-times icon-tick icon-tick--off\"><\/i> Entradas (Boleto turistico del Cusco) \/ Ingreso al Templo de Anduaylillas<br \/>\n<i class=\"fa fa-times icon-tick icon-tick--off\"><\/i> Otros servicios no mencionados en el Tour.<\/p>\n<p><strong>Importante<\/strong>: Para este recorrido necesitaras el <a href=\"https:\/\/www.donperutours.com\/es\/turismoperu\/boleto-turistico-del-cusco\/\" target=\"_blank\" rel=\"noopener\">boleto tur\u00edstico del Cusco<\/a>. Si vas estar varios d\u00edas en Cusco debes comprar el boleto tur\u00edstico del Cusco General, que tiene un costo de 70 soles para peruanos y 130 soles para extranjeros. Lo cual te dar\u00e1 acceso a diferentes <a href=\"https:\/\/www.mountainvinicunca.com\/es\/tours\/tour-por-el-valle-sur-cusco\/\" target=\"_blank\" rel=\"noopener\">sitios arqueol\u00f3gicos tur\u00edsticos del Cusco<\/a>.<\/p>\n<p>Si solo vas a visitar esta ruta, es recomendable comprar el boleto tur\u00edstico del Cusco parcial, que tiene un costo de 40 soles peruanos y 70 soles extranjeros.<\/p>\n<p>Adicionalmente debes pagar la entrada al templo de Andahuaylillas. Costo general 15 Soles.<\/p>\n<p><strong>Recomendaciones<\/strong>: Llevar protector facial y mascarilla, ropa ligera, bloqueador solar, lentes de sol, gorra, para temporada de lluvias un poncho de agua, zapatos de caminata (hike \/ treeking) y agua.<\/p>\n<h2>Itinerario Valle Sur Cusco<\/h2>\n<p>8:00 Pasaremos a recoger a todos los pasajeros de sus Hoteles \/ Airbnb \/ Hostel respectivos.<br \/>\n8:30 Nuestro viaje comenzara rumbo al norte del Cusco y nuestro primer atractivo tur\u00edstico a visitar ser\u00e1 el <strong>parque arqueol\u00f3gico de Tipon<\/strong> y posteriormente el <strong>parque arqueol\u00f3gico de Pikillacta<\/strong>. En ambos lugares tendras una visita guiada y tiempo breve para recorrer el lugar por tu cuenta.<\/p>\n<p>Finalmente visitaremos la <strong>iglesia de San Pedro Ap\u00f3stol de Andahuaylillas<\/strong> conocido tambi\u00e9n como: \u00ab<strong>la Capilla Sixtina de Am\u00e9rica<\/strong>\u00bb. Luego de visitar nuestro \u00faltimo atractivo tur\u00edstico retornaremos a la ciudad del Cusco. Aproximadamente 14:00 hrs.<\/p>\n","protected":false},"excerpt":{"rendered":"<div class=\"padding-top text-center\"><a href=\"https:\/\/www.gomachupicchubycar.com\/es\/tours\/visita-valle-sur-cusco-en-medio-dia\/\" class=\"atbtn atbtn--medium atbtn--rounded atbtn--transparent\">Continuar lectura&#8230;<i class=\"atbtn__icon atbtn__icon--right fa fa-long-arrow-right\"><\/i><\/a><\/div>\n","protected":false},"featured_media":308,"comment_status":"closed","ping_status":"closed","template":"","meta":[],"product_brand":[],"product_cat":[20],"product_tag":[],"class_list":{"0":"post-307","1":"product","2":"type-product","3":"status-publish","4":"has-post-thumbnail","6":"product_cat-full-day","7":"tour_category-full-day","9":"first","10":"instock","11":"sale","12":"shipping-taxable","13":"purchasable","14":"product-type-tour"},"aioseo_notices":[],"_links":{"self":[{"href":"https:\/\/www.gomachupicchubycar.com\/es\/wp-json\/wp\/v2\/product\/307","targetHints":{"allow":["GET"]}}],"collection":[{"href":"https:\/\/www.gomachupicchubycar.com\/es\/wp-json\/wp\/v2\/product"}],"about":[{"href":"https:\/\/www.gomachupicchubycar.com\/es\/wp-json\/wp\/v2\/types\/product"}],"replies":[{"embeddable":true,"href":"https:\/\/www.gomachupicchubycar.com\/es\/wp-json\/wp\/v2\/comments?post=307"}],"wp:featuredmedia":[{"embeddable":true,"href":"https:\/\/www.gomachupicchubycar.com\/es\/wp-json\/wp\/v2\/media\/308"}],"wp:attachment":[{"href":"https:\/\/www.gomachupicchubycar.com\/es\/wp-json\/wp\/v2\/media?parent=307"}],"wp:term":[{"taxonomy":"product_brand","embeddable":true,"href":"https:\/\/www.gomachupicchubycar.com\/es\/wp-json\/wp\/v2\/product_brand?post=307"},{"taxonomy":"product_cat","embeddable":true,"href":"https:\/\/www.gomachupicchubycar.com\/es\/wp-json\/wp\/v2\/product_cat?post=307"},{"taxonomy":"product_tag","embeddable":true,"href":"https:\/\/www.gomachupicchubycar.com\/es\/wp-json\/wp\/v2\/product_tag?post=307"}],"curies":[{"name":"wp","href":"https:\/\/api.w.org\/{rel}","templated":true}]}}