{"id":36,"date":"2020-03-14T16:42:45","date_gmt":"2020-03-14T16:42:45","guid":{"rendered":"https:\/\/www.gomachupicchubycar.com\/es\/?post_type=product&#038;p=36"},"modified":"2025-04-05T12:16:33","modified_gmt":"2025-04-05T12:16:33","slug":"machu-picchu-en-carro-2-dias-1-noche","status":"publish","type":"product","link":"https:\/\/www.gomachupicchubycar.com\/es\/tours\/machu-picchu-en-carro-2-dias-1-noche\/","title":{"rendered":"Tour Machu Picchu en Carro 2 Dias 1 noche"},"content":{"rendered":"<p><strong>Tour Machu Picchu en Carro 2 d\u00edas \/ 1 noche<\/strong>, es la opci\u00f3n m\u00e1s econ\u00f3mica para visitar Machu Picchu. La <a href=\"https:\/\/www.riorojocusco.com\/tours\/economico-visita-machu-picchu-en-2-dias-1-noche\/\" target=\"_blank\" rel=\"noopener\">ruta de Machu Picchu a trav\u00e9s de la Hidroel\u00e9ctrica<\/a> es realmente muy hermosa, ya que en el camino podr\u00e1 observar hermosos paisajes y vivir una de las mejores experiencias \u00fanicas hacia Aguas Calientes.<\/p>\n<h2>Machu Picchu en Auto 2 Dias<\/h2>\n<p><a href=\"https:\/\/wa.me\/51960049879\"><img loading=\"lazy\" decoding=\"async\" class=\"alignnone size-full wp-image-38\" src=\"https:\/\/www.gomachupicchubycar.com\/es\/wp-content\/uploads\/2020\/03\/reservar.png\" alt=\"\" width=\"220\" height=\"30\" \/><\/a><\/p>\n<p><strong>Precio<\/strong>: US $ 140.00 por persona<br \/>\n<strong>Duraci\u00f3n<\/strong>: 2 d\u00edas \/ 1 noche<br \/>\n<strong>Dificultad<\/strong>: Moderada Media<br \/>\n<strong>Salidas diarias<\/strong><br \/>\n<strong>Tipo<\/strong>: Caminata<br \/>\n<strong>Grupo compartido<\/strong><\/p>\n<p><strong>Incluye<\/strong>:<br \/>\n<i class=\"fa fa-check icon-tick icon-tick--on\"><\/i> <a href=\"https:\/\/www.trasladosaeropuertocusco.com\/tours\/traslado-aeropuerto-cusco-a-hotel-en-cusco\/\" target=\"_blank\" rel=\"noopener\">Transporte tur\u00edstico<\/a> compartido Cusco &#8211; Hidroel\u00e9ctrica &#8211; Cusco<br \/>\n<i class=\"fa fa-check icon-tick icon-tick--on\"><\/i> Gu\u00eda profesional Bilingue (espa\u00f1ol \/ ingl\u00e9s)<br \/>\n<i class=\"fa fa-check icon-tick icon-tick--on\"><\/i> 1 noche de alojamiento b\u00e1sico compartido con otros pasajeros.<br \/>\n<i class=\"fa fa-check icon-tick icon-tick--on\"><\/i> Boleto de ingreso al Santuario de Machupicchu<br \/>\n<i class=\"fa fa-check icon-tick icon-tick--on\"><\/i> 01 almuerzo, 01 cena (d\u00eda 1)<br \/>\n<i class=\"fa fa-check icon-tick icon-tick--on\"><\/i> 01 Snack (D\u00eda 2)<\/p>\n<p><strong>No Incluye<\/strong>:<br \/>\n<i class=\"fa fa-times icon-tick icon-tick--off\"><\/i> Seguro de viaje<br \/>\n<i class=\"fa fa-times icon-tick icon-tick--off\"><\/i> Tren Hidroel\u00e9ctrico &#8211; Aguas calientes &#8211; Hidroel\u00e9ctrica<br \/>\n<i class=\"fa fa-times icon-tick icon-tick--off\"><\/i> Bus Aguas Calientes &#8211; Machu Picchu &#8211; Aguas Calientes<br \/>\n<i class=\"fa fa-times icon-tick icon-tick--off\"><\/i> Propinas<br \/>\n<i class=\"fa fa-times icon-tick icon-tick--off\"><\/i> Otros servicios no mencionados en el Tour.<\/p>\n<p><strong>Qu\u00e9 llevar<\/strong>: Zapatos de trekking, traje de ba\u00f1o, toalla, poncho para la lluvia, gorro para el sol, protector solar, gafas de sol, art\u00edculos de tocador, bocadillos y agua.<\/p>\n<p><strong>Servicios opcionales<\/strong>:<\/p>\n<p>\u2022 Bus desde Aguas Calientes a Machu Picchu: US $ 12 por persona.<br \/>\n\u2022 Bus ida y vuelta entre Aguas Calientes y Machu Picchu: US $ 24 por persona.<br \/>\n\u2022 Tren de Aguas Calientes a Hidroel\u00e9ctrica: US $ 45 por persona.<br \/>\n\u2022 Tren de ida y vuelta entre Hidroel\u00e9ctrica y Aguas Calientes: US $ 90 por persona.<\/p>\n<p><strong>Itinerario<\/strong>:<\/p>\n<div class=\"timeline\"><div class=\"timeline__item\">\n\t<div class=\"timeline__item__icon-wrap\">\n\t\t<div class=\"timeline__item__icon\">\n\t\t\t<div class=\"timeline__item__icon__text\">1<\/div>\n\t\t<\/div>\n\t<\/div>\n\t<div class=\"timeline__item__content padding-left\">\n\t\t<h3 class=\"timeline__item__title\">Cusco - Hidroelectrica - Aguas Calientes<\/h3>\t\t<div class=\"timeline__item__description\"><br \/>\n6:00 Recojo en tu hotel o Airbnb<br \/>\n6:15 Viaje de transporte tur\u00edstico compartido desde Cusco a Hidroel\u00e9ctrica<br \/>\n13:00 almuerzo<br \/>\n15:00 Llegada a Hidroel\u00e9ctrica<br \/>\n15:05 Caminata desde Hidroelectica a Aguas Calientes (Aproximadamente 3 horas)<br \/>\n18:00 Llegada a Aguas Calientes, debes ir a la plaza principal y esperar al lado del Inca. El gu\u00eda lo estar\u00e1 esperando para llevarlo a su alojamiento respectivo.<br \/>\n19:00 Cena e informaci\u00f3n para el d\u00eda siguiente.<br \/>\n<\/div>\t<\/div>\n<\/div>\n<div class=\"timeline__item\">\n\t<div class=\"timeline__item__icon-wrap\">\n\t\t<div class=\"timeline__item__icon\">\n\t\t\t<div class=\"timeline__item__icon__text\">2<\/div>\n\t\t<\/div>\n\t<\/div>\n\t<div class=\"timeline__item__content padding-left\">\n\t\t<h3 class=\"timeline__item__title\">Aguas Calientes - Machu Picchu - Hidroelectrica - Cusco<\/h3>\t\t<div class=\"timeline__item__description\"><br \/>\n\u2022 4:00 Snack<br \/>\n\u2022 4:15 Caminata de Aguas Calientes a Machu Picchu<br \/>\n\u2022 6:00 Guiado en Machu Picchu durante 2 horas, luego tendr\u00e1 tiempo de <a href=\"https:\/\/www.gomachupicchubycar.com\/es\/tours\/machu-picchu-en-auto-y-tren-2-dias\/\" target=\"_blank\" rel=\"noopener\">visitar Machu Picchu<\/a> por su cuenta y tomar fotograf\u00edas para recordar.<br \/>\n\u2022 9:15 Caminata desde Machu Picchu a Aguas Calientes<br \/>\n\u2022 10:30 Caminata de Aguas Calientes a Hidroel\u00e9ctrica<br \/>\n\u2022 14:00 Viaje en transporte tur\u00edstico compartido desde Hidroel\u00e9ctrica a Cusco<br \/>\n\u2022 21:30 Llegada a Cusco aproximadamente y drop off en el centro de Cusco.<br \/>\n<\/div>\t<\/div>\n<\/div>\n<\/div>\n<p>&nbsp;<\/p>\n<p><strong>Pol\u00edticas de reserva:<\/strong><br \/>\n\u2022 Todas las ventas son definitivas.<br \/>\n\u2022 Si desea reprogramar este tour, solic\u00edtelo con una semana de anticipaci\u00f3n. Y tiene un cargo del 50% del tour sujeto a disponibilidad.<\/p>\n","protected":false},"excerpt":{"rendered":"<div class=\"padding-top text-center\"><a href=\"https:\/\/www.gomachupicchubycar.com\/es\/tours\/machu-picchu-en-carro-2-dias-1-noche\/\" class=\"atbtn atbtn--medium atbtn--rounded atbtn--transparent\">Continuar lectura&#8230;<i class=\"atbtn__icon atbtn__icon--right fa fa-long-arrow-right\"><\/i><\/a><\/div>\n","protected":false},"featured_media":37,"comment_status":"closed","ping_status":"closed","template":"","meta":[],"product_brand":[],"product_cat":[18],"product_tag":[],"class_list":{"0":"post-36","1":"product","2":"type-product","3":"status-publish","4":"has-post-thumbnail","6":"product_cat-machu-picchu","7":"tour_category-machu-picchu","9":"first","10":"instock","11":"sale","12":"shipping-taxable","13":"purchasable","14":"product-type-tour"},"aioseo_notices":[],"_links":{"self":[{"href":"https:\/\/www.gomachupicchubycar.com\/es\/wp-json\/wp\/v2\/product\/36","targetHints":{"allow":["GET"]}}],"collection":[{"href":"https:\/\/www.gomachupicchubycar.com\/es\/wp-json\/wp\/v2\/product"}],"about":[{"href":"https:\/\/www.gomachupicchubycar.com\/es\/wp-json\/wp\/v2\/types\/product"}],"replies":[{"embeddable":true,"href":"https:\/\/www.gomachupicchubycar.com\/es\/wp-json\/wp\/v2\/comments?post=36"}],"wp:featuredmedia":[{"embeddable":true,"href":"https:\/\/www.gomachupicchubycar.com\/es\/wp-json\/wp\/v2\/media\/37"}],"wp:attachment":[{"href":"https:\/\/www.gomachupicchubycar.com\/es\/wp-json\/wp\/v2\/media?parent=36"}],"wp:term":[{"taxonomy":"product_brand","embeddable":true,"href":"https:\/\/www.gomachupicchubycar.com\/es\/wp-json\/wp\/v2\/product_brand?post=36"},{"taxonomy":"product_cat","embeddable":true,"href":"https:\/\/www.gomachupicchubycar.com\/es\/wp-json\/wp\/v2\/product_cat?post=36"},{"taxonomy":"product_tag","embeddable":true,"href":"https:\/\/www.gomachupicchubycar.com\/es\/wp-json\/wp\/v2\/product_tag?post=36"}],"curies":[{"name":"wp","href":"https:\/\/api.w.org\/{rel}","templated":true}]}}