{"id":47,"date":"2020-03-15T13:41:28","date_gmt":"2020-03-15T13:41:28","guid":{"rendered":"https:\/\/www.gomachupicchubycar.com\/es\/?post_type=product&#038;p=47"},"modified":"2025-04-05T12:31:56","modified_gmt":"2025-04-05T12:31:56","slug":"machu-picchu-y-huayna-picchu-en-auto-3-dias-2-noches","status":"publish","type":"product","link":"https:\/\/www.gomachupicchubycar.com\/es\/tours\/machu-picchu-y-huayna-picchu-en-auto-3-dias-2-noches\/","title":{"rendered":"Tour Machu Picchu y Huayna Picchu en auto 3 d\u00edas 2 noches"},"content":{"rendered":"<p><strong>Tour Machu Picchu con Huayna Picchu en carro 3 d\u00edas 2 noches<\/strong>, circuito perfecto para visitar Machu Picchu (Zona arqueol\u00f3gica) y la monta\u00f1a Huayna Picchu en tres d\u00edas. Este recorrido es genial porque en el camino ver\u00e1s hermosos paisajes, conocer\u00e1s mucha historia de Machu Picchu y subir\u00e1s al <a href=\"https:\/\/www.gomachupicchubycar.com\/es\/tours\/machu-picchu-con-huayna-picchu-1-dia-via-tren\/\" target=\"_blank\" rel=\"noopener\">Huayna Picchu<\/a> considerado uno de los mejores paseos del mundo. Es necesario reservar este tour con muchos meses de anticipaci\u00f3n ya que los <strong>boletos para Huayna Picchu son limitados<\/strong>.<\/p>\n<h2>Machu Picchu con Huayna Picchu en Auto<\/h2>\n<p><a href=\"https:\/\/wa.me\/51960049879\"><img loading=\"lazy\" decoding=\"async\" class=\"alignnone size-full wp-image-38\" src=\"https:\/\/www.gomachupicchubycar.com\/es\/wp-content\/uploads\/2020\/03\/reservar.png\" alt=\"\" width=\"220\" height=\"30\" \/><\/a><\/p>\n<p><strong>Precio<\/strong>: US $ 250.00 por persona<br \/>\n<strong>Duraci\u00f3n<\/strong>: 3 d\u00edas \/ 2 noches<br \/>\n<strong>Dificultad<\/strong>: Moderada alta<br \/>\n<strong>Salidas diarias<\/strong><br \/>\n<strong>Tipo<\/strong>: Caminata<br \/>\n<strong>Grupo compartido<\/strong><\/p>\n<p><strong>Incluye<\/strong>:<br \/>\n<i class=\"fa fa-check icon-tick icon-tick--on\"><\/i> <a href=\"https:\/\/www.gomachupicchubycar.com\/es\/traslado-aeropuerto-cusco\/\" target=\"_blank\" rel=\"noopener\">Transporte tur\u00edstico Cusco<\/a> &#8211; Hidroel\u00e9ctrica &#8211; Cusco<br \/>\n<i class=\"fa fa-check icon-tick icon-tick--on\"><\/i> 2 noches de alojamiento b\u00e1sico compartido con otros pasajeros.<br \/>\n<i class=\"fa fa-check icon-tick icon-tick--on\"><\/i> Boleto de ingreso Huayna Picchu<br \/>\n<i class=\"fa fa-check icon-tick icon-tick--on\"><\/i> Boleto de ingreso Machu Picchu<br \/>\n<i class=\"fa fa-check icon-tick icon-tick--on\"><\/i> Bus desde Aguas Calientes &#8211; Machu Picchu &#8211; Aguas Calientes<br \/>\n<i class=\"fa fa-check icon-tick icon-tick--on\"><\/i> 01 Almuerzo, 01 cena (d\u00eda 1)<br \/>\n<i class=\"fa fa-check icon-tick icon-tick--on\"><\/i> 01 Desayuno (D\u00eda 2 y Dia 3)<\/p>\n<p><strong>No incluye<\/strong>:<br \/>\n<i class=\"fa fa-times icon-tick icon-tick--off\"><\/i> Seguro de viaje<br \/>\n<i class=\"fa fa-times icon-tick icon-tick--off\"><\/i> Otros servicios no mencionados en el Tour.<\/p>\n<p><strong>Qu\u00e9 llevar<\/strong>: zapatos de trekking, traje de ba\u00f1o, toalla, poncho para la lluvia, sombrero para el sol, protector solar, gafas de sol, art\u00edculos de tocador, refrigerio y agua.<\/p>\n<div class=\"timeline\"><div class=\"timeline__item\">\n\t<div class=\"timeline__item__icon-wrap\">\n\t\t<div class=\"timeline__item__icon\">\n\t\t\t<div class=\"timeline__item__icon__text\">1<\/div>\n\t\t<\/div>\n\t<\/div>\n\t<div class=\"timeline__item__content padding-left\">\n\t\t<h3 class=\"timeline__item__title\">Cusco - Hidroel\u00e9ctrica - Aguas calientes<\/h3>\t\t<div class=\"timeline__item__description\">\n<p>6:00 Recojo en el hotel o Airbnb<\/p>\n<p>6:30 Viaje de transporte tur\u00edstico compartido desde Cusco a Hidroel\u00e9ctrica<\/p>\n<p>13:00 aprox Almuerzo 15:00 Llegada a Hidroel\u00e9ctrica<\/p>\n<p>15:05 Caminata desde Hidroelectica a Aguas Calientes (Aproximadamente 3 horas)<\/p>\n<p>18:00 Llegada a Aguas Calientes, debes ir a la plaza principal y esperar al lado del Inca.<\/p>\n<p>El gu\u00eda lo estar\u00e1 esperando para llevarlo a su alojamiento respectivo.<\/p>\n<p>19:00 Cena e informaci\u00f3n para el d\u00eda siguiente. <\/p><\/div>\t<\/div>\n<\/div>\n<div class=\"timeline__item\">\n\t<div class=\"timeline__item__icon-wrap\">\n\t\t<div class=\"timeline__item__icon\">\n\t\t\t<div class=\"timeline__item__icon__text\">2<\/div>\n\t\t<\/div>\n\t<\/div>\n\t<div class=\"timeline__item__content padding-left\">\n\t\t<h3 class=\"timeline__item__title\">Aguas Calientes - Machu Picchu con Huayna Picchu<\/h3>\t\t<div class=\"timeline__item__description\">\n<p>\u2022 6:00 Desayuno<\/p>\n<p>\u2022 6:15 Bus de Aguas Calientes a Machu Picchu<\/p>\n<p>\u2022 7:00 <a href=\"https:\/\/www.mountainvinicunca.com\/es\/tours\/tour-machu-picchu-en-1-dia\/\" target=\"_blank\" rel=\"noopener\">Entrada\u00a0 a Machu Picchu y guiado<\/a> durante 1 hora y 45 minutos aprox.<\/p>\n<p>\u2022 10:00 Entrada a Huayna Picchu<\/p>\n<p>\u2022 13:00 aprox Bus de Machu Picchu a Aguas Calientes<\/p>\n<p>Tiempo libre<\/p>\n<p><strong>Nota:<\/strong> El horario para este d\u00eda puede variar, todo depender\u00e1 de la entrada a Huayna Picchu <\/p><\/div>\t<\/div>\n<\/div>\n<div class=\"timeline__item\">\n\t<div class=\"timeline__item__icon-wrap\">\n\t\t<div class=\"timeline__item__icon\">\n\t\t\t<div class=\"timeline__item__icon__text\">3<\/div>\n\t\t<\/div>\n\t<\/div>\n\t<div class=\"timeline__item__content padding-left\">\n\t\t<h3 class=\"timeline__item__title\">Hidroel\u00e9ctrica - Aguas calientes - Cusco<\/h3>\t\t<div class=\"timeline__item__description\">\n<p>\u2022 7:00 Desayuno<\/p>\n<p>Tiempo libre<\/p>\n<p>\u2022 11:00 caminata de Aguas Calientes a Hidroel\u00e9ctrica<\/p>\n<p>\u2022 14:00 Viaje en transporte tur\u00edstico compartido desde Hidroel\u00e9ctrica a Cusco<\/p>\n<p>\u2022 21:30 Llegada a Cusco aproximadamente.<\/p><\/div>\t<\/div>\n<\/div>\n<\/div>\n<p>&nbsp;<\/p>\n<p><strong>Pol\u00edticas de reserva<\/strong>:<br \/>\n\u2022 Todas las ventas son definitivas.<br \/>\n\u2022 Este recorrido no tiene reprogramaci\u00f3n.<\/p>\n<p>&nbsp;<\/p>\n","protected":false},"excerpt":{"rendered":"<div class=\"padding-top text-center\"><a href=\"https:\/\/www.gomachupicchubycar.com\/es\/tours\/machu-picchu-y-huayna-picchu-en-auto-3-dias-2-noches\/\" class=\"atbtn atbtn--medium atbtn--rounded atbtn--transparent\">Continuar lectura&#8230;<i class=\"atbtn__icon atbtn__icon--right fa fa-long-arrow-right\"><\/i><\/a><\/div>\n","protected":false},"featured_media":48,"comment_status":"closed","ping_status":"closed","template":"","meta":[],"product_brand":[],"product_cat":[18],"product_tag":[],"class_list":{"0":"post-47","1":"product","2":"type-product","3":"status-publish","4":"has-post-thumbnail","6":"product_cat-machu-picchu","7":"tour_category-machu-picchu","9":"first","10":"instock","11":"sale","12":"shipping-taxable","13":"purchasable","14":"product-type-tour"},"aioseo_notices":[],"_links":{"self":[{"href":"https:\/\/www.gomachupicchubycar.com\/es\/wp-json\/wp\/v2\/product\/47","targetHints":{"allow":["GET"]}}],"collection":[{"href":"https:\/\/www.gomachupicchubycar.com\/es\/wp-json\/wp\/v2\/product"}],"about":[{"href":"https:\/\/www.gomachupicchubycar.com\/es\/wp-json\/wp\/v2\/types\/product"}],"replies":[{"embeddable":true,"href":"https:\/\/www.gomachupicchubycar.com\/es\/wp-json\/wp\/v2\/comments?post=47"}],"wp:featuredmedia":[{"embeddable":true,"href":"https:\/\/www.gomachupicchubycar.com\/es\/wp-json\/wp\/v2\/media\/48"}],"wp:attachment":[{"href":"https:\/\/www.gomachupicchubycar.com\/es\/wp-json\/wp\/v2\/media?parent=47"}],"wp:term":[{"taxonomy":"product_brand","embeddable":true,"href":"https:\/\/www.gomachupicchubycar.com\/es\/wp-json\/wp\/v2\/product_brand?post=47"},{"taxonomy":"product_cat","embeddable":true,"href":"https:\/\/www.gomachupicchubycar.com\/es\/wp-json\/wp\/v2\/product_cat?post=47"},{"taxonomy":"product_tag","embeddable":true,"href":"https:\/\/www.gomachupicchubycar.com\/es\/wp-json\/wp\/v2\/product_tag?post=47"}],"curies":[{"name":"wp","href":"https:\/\/api.w.org\/{rel}","templated":true}]}}