{"id":69,"date":"2020-03-27T14:34:05","date_gmt":"2020-03-27T14:34:05","guid":{"rendered":"https:\/\/www.gomachupicchubycar.com\/es\/?post_type=product&#038;p=69"},"modified":"2025-04-05T16:53:09","modified_gmt":"2025-04-05T16:53:09","slug":"machu-picchu-en-auto-con-montana-3-dias-2-noches","status":"publish","type":"product","link":"https:\/\/www.gomachupicchubycar.com\/es\/tours\/machu-picchu-en-auto-con-montana-3-dias-2-noches\/","title":{"rendered":"Tour Machu Picchu en auto con monta\u00f1a 3 d\u00edas 2 noches"},"content":{"rendered":"<p><strong>Tour Machu Picchu con monta\u00f1a en auto 3 d\u00edas 2 noches<\/strong>: este circuito es perfecto porque puedes observar hermosos paisajes y tener una de las mejores vistas de <a href=\"https:\/\/www.gomachupicchubycar.com\/es\/tours\/machu-picchu-en-tren-1-dia\/\" target=\"_blank\" rel=\"noopener\">Machu Picchu<\/a> desde la cima. Escalar la <a href=\"https:\/\/www.riorojocusco.com\/tours\/visita-montana-machu-picchu-con-machu-picchu-en-1-dia\/\" target=\"_blank\" rel=\"noopener\">monta\u00f1a Machu Picchu<\/a> es algo suave y llegar a la cima te recargar\u00e1 de energ\u00eda y desde all\u00ed podr\u00e1s ver toda la ciudad inca de Machu Picchu. Un recorrido incre\u00edble a bajo costo. Este tour es necesario reservar con un mes de anticipaci\u00f3n ya que los boletos para la monta\u00f1a son limitados.<\/p>\n<h2>Machu Picchu con Monta\u00f1a en Auto<\/h2>\n<p><a href=\"https:\/\/wa.me\/51960049879\"><img loading=\"lazy\" decoding=\"async\" class=\"alignnone size-full wp-image-38\" src=\"https:\/\/www.gomachupicchubycar.com\/es\/wp-content\/uploads\/2020\/03\/reservar.png\" alt=\"\" width=\"220\" height=\"30\" \/><\/a><\/p>\n<p><strong>Precio<\/strong>: US $ 250.00 por persona<br \/>\n<strong>Duraci\u00f3n<\/strong>: 3 d\u00edas \/ 2 noches<br \/>\n<strong>Dificultad<\/strong>: Moderada alta<br \/>\n<strong>Salidas diarias<\/strong><br \/>\n<strong>Tipo: caminata<\/strong><br \/>\n<strong>Grupo compartido<\/strong><\/p>\n<p><strong>Incluye<\/strong>:<br \/>\n<i class=\"fa fa-check icon-tick icon-tick--on\"><\/i> <a href=\"https:\/\/www.gomachupicchubycar.com\/es\/como-llegar-desde-cusco-a-hidroelectrica\/\" target=\"_blank\" rel=\"noopener\">Transporte tur\u00edstico Cusco &#8211; Hidroel\u00e9ctrica<\/a> &#8211; Cusco<br \/>\n<i class=\"fa fa-check icon-tick icon-tick--on\"><\/i> Gu\u00eda profesional Bilingue (espa\u00f1ol \/ ingl\u00e9s)<br \/>\n<i class=\"fa fa-check icon-tick icon-tick--on\"><\/i> 2 noches de alojamiento b\u00e1sico compartido con otros pasajeros.<br \/>\n<i class=\"fa fa-check icon-tick icon-tick--on\"><\/i> Boleto de ingreso al Santuario de Machupicchu<br \/>\n<i class=\"fa fa-check icon-tick icon-tick--on\"><\/i> Boleto de ingreso a la monta\u00f1a Machu Picchu<br \/>\n<i class=\"fa fa-check icon-tick icon-tick--on\"><\/i> Bus consettur desde Aguas Calientes &#8211; Machu Picchu &#8211; Aguas Calientes<br \/>\n<i class=\"fa fa-check icon-tick icon-tick--on\"><\/i> 01 almuerzo, 01 cena (d\u00eda 1)<br \/>\n<i class=\"fa fa-check icon-tick icon-tick--on\"><\/i> 01 Desayuno (D\u00eda 2)<br \/>\n<i class=\"fa fa-check icon-tick icon-tick--on\"><\/i> 01 Desayuno (d\u00eda 3)<\/p>\n<p><strong>No Incluye<\/strong>:<br \/>\n<i class=\"fa fa-times icon-tick icon-tick--off\"><\/i> Seguro de viaje<br \/>\n<i class=\"fa fa-times icon-tick icon-tick--off\"><\/i> Propinas<br \/>\n<i class=\"fa fa-times icon-tick icon-tick--off\"><\/i> Otros servicios no mencionados en el Tour.<\/p>\n<p><strong>Qu\u00e9 llevar<\/strong>: zapatos c\u00f3modos, traje de ba\u00f1o, toalla, poncho para la lluvia, sombrero para el sol, protector solar, gafas de sol, refrigerio y agua.<\/p>\n<p><strong>Servicios opcionales<\/strong>:<br \/>\n\u2022 Tren de Aguas Calientes a Hidroel\u00e9ctrica: US $ 38 por persona.<br \/>\n\u2022 Tren de ida y vuelta entre Hidroel\u00e9ctrica y Aguas Calientes: US $ 76 por persona.<br \/>\n\u2022 Tren de Aguas Calientes a Ollantaytambo: US $ 86 por persona.<\/p>\n<p><strong>Itinerario<\/strong>:<\/p>\n<div class=\"timeline\"><div class=\"timeline__item\">\n\t<div class=\"timeline__item__icon-wrap\">\n\t\t<div class=\"timeline__item__icon\">\n\t\t\t<div class=\"timeline__item__icon__text\">1<\/div>\n\t\t<\/div>\n\t<\/div>\n\t<div class=\"timeline__item__content padding-left\">\n\t\t<h3 class=\"timeline__item__title\">Cusco - Hidroelectrica \u2013 Aguas calientes <\/h3>\t\t<div class=\"timeline__item__description\"><br \/>\n6:00 Recojo en tu hotel o Airbnb<br \/>\n6:15 Viaje en transporte tur\u00edstico compartido desde <a href=\"https:\/\/www.gomachupicchubycar.com\/es\/bus-cusco-a-hidroelectrica\/\" target=\"_blank\" rel=\"noopener\">Cusco a Hidroel\u00e9ctrica<\/a><br \/>\n13:00 aprox Almuerzo<br \/>\n15:00 Llegada a Hidroel\u00e9ctrica<br \/>\n15:05 Caminata desde Hidroelectica a Aguas Calientes (Aproximadamente 3 horas)<br \/>\n18:00 Llegada a Aguas Calientes, debes ir a la plaza principal y esperar al lado del Inca. El gu\u00eda lo estar\u00e1 esperando para llevarlo a su alojamiento respectivo.<br \/>\n19:00 Cena e informaci\u00f3n para el d\u00eda siguiente.<br \/>\n<\/div>\t<\/div>\n<\/div>\n<div class=\"timeline__item\">\n\t<div class=\"timeline__item__icon-wrap\">\n\t\t<div class=\"timeline__item__icon\">\n\t\t\t<div class=\"timeline__item__icon__text\">2<\/div>\n\t\t<\/div>\n\t<\/div>\n\t<div class=\"timeline__item__content padding-left\">\n\t\t<h3 class=\"timeline__item__title\">Aguas Calientes - Machu Picchu con Monta\u00f1a<\/h3>\t\t<div class=\"timeline__item__description\"><br \/>\n\u2022 6:00 Desayuno<br \/>\n\u2022 7:15 <a href=\"https:\/\/www.cuscoairporttransport.com\/es\/2025\/01\/09\/bus-a-machu-picchu\/\" target=\"_blank\" rel=\"noopener\">Bus de Aguas Calientes<\/a> a Machu Picchu<br \/>\n\u2022 8:00 Ascenso a la monta\u00f1a Machu Picchu<br \/>\n\u2022 11:00 Guiado en Machu Picchu por 2 horas, luego tendr\u00e1 tiempo para visitar Machu Picchu por su cuenta y tomar fotograf\u00edas para el recuerdo.<br \/>\n\u2022 13:00 aprox Bus de Machu Picchu a Aguas Calientes<br \/>\nTiempo libre\n<p><strong>Nota<\/strong>: El horario para este d\u00eda puede variar, todo depender\u00e1 de la entrada a la monta\u00f1a Machu Picchu<\/p>\n<\/div>\t<\/div>\n<\/div>\n<div class=\"timeline__item\">\n\t<div class=\"timeline__item__icon-wrap\">\n\t\t<div class=\"timeline__item__icon\">\n\t\t\t<div class=\"timeline__item__icon__text\">3<\/div>\n\t\t<\/div>\n\t<\/div>\n\t<div class=\"timeline__item__content padding-left\">\n\t\t<h3 class=\"timeline__item__title\">Aguas Calientes - Hidroelectrica - Cusco<\/h3>\t\t<div class=\"timeline__item__description\"><br \/>\n\u2022 7:00 Desayuno<br \/>\nTiempo libre<br \/>\n\u2022 11:00 Caminata de Aguas Calientes a Hidroel\u00e9ctrica<br \/>\n\u2022 14:00 Viaje en transporte tur\u00edstico compartido desde Hidroel\u00e9ctrica a Cusco<br \/>\n\u2022 21:30 Llegada a Cusco aproximadamente y drop off en el centro del Cusco.<br \/>\n<\/div>\t<\/div>\n<\/div>\n<\/div>\n<p><strong><br \/>\nPol\u00edticas de reserva<\/strong>:<br \/>\n\u2022 Todas las ventas son definitivas.<br \/>\n\u2022 Este recorrido no tiene reprogramaci\u00f3n.<\/p>\n","protected":false},"excerpt":{"rendered":"<div class=\"padding-top text-center\"><a href=\"https:\/\/www.gomachupicchubycar.com\/es\/tours\/machu-picchu-en-auto-con-montana-3-dias-2-noches\/\" class=\"atbtn atbtn--medium atbtn--rounded atbtn--transparent\">Continuar lectura&#8230;<i class=\"atbtn__icon atbtn__icon--right fa fa-long-arrow-right\"><\/i><\/a><\/div>\n","protected":false},"featured_media":70,"comment_status":"closed","ping_status":"closed","template":"","meta":[],"product_brand":[],"product_cat":[18],"product_tag":[],"class_list":{"0":"post-69","1":"product","2":"type-product","3":"status-publish","4":"has-post-thumbnail","6":"product_cat-machu-picchu","7":"tour_category-machu-picchu","9":"first","10":"instock","11":"sale","12":"shipping-taxable","13":"purchasable","14":"product-type-tour"},"aioseo_notices":[],"_links":{"self":[{"href":"https:\/\/www.gomachupicchubycar.com\/es\/wp-json\/wp\/v2\/product\/69","targetHints":{"allow":["GET"]}}],"collection":[{"href":"https:\/\/www.gomachupicchubycar.com\/es\/wp-json\/wp\/v2\/product"}],"about":[{"href":"https:\/\/www.gomachupicchubycar.com\/es\/wp-json\/wp\/v2\/types\/product"}],"replies":[{"embeddable":true,"href":"https:\/\/www.gomachupicchubycar.com\/es\/wp-json\/wp\/v2\/comments?post=69"}],"wp:featuredmedia":[{"embeddable":true,"href":"https:\/\/www.gomachupicchubycar.com\/es\/wp-json\/wp\/v2\/media\/70"}],"wp:attachment":[{"href":"https:\/\/www.gomachupicchubycar.com\/es\/wp-json\/wp\/v2\/media?parent=69"}],"wp:term":[{"taxonomy":"product_brand","embeddable":true,"href":"https:\/\/www.gomachupicchubycar.com\/es\/wp-json\/wp\/v2\/product_brand?post=69"},{"taxonomy":"product_cat","embeddable":true,"href":"https:\/\/www.gomachupicchubycar.com\/es\/wp-json\/wp\/v2\/product_cat?post=69"},{"taxonomy":"product_tag","embeddable":true,"href":"https:\/\/www.gomachupicchubycar.com\/es\/wp-json\/wp\/v2\/product_tag?post=69"}],"curies":[{"name":"wp","href":"https:\/\/api.w.org\/{rel}","templated":true}]}}