{"id":74,"date":"2020-03-27T15:07:35","date_gmt":"2020-03-27T15:07:35","guid":{"rendered":"https:\/\/www.gomachupicchubycar.com\/es\/?post_type=product&#038;p=74"},"modified":"2025-04-05T17:20:29","modified_gmt":"2025-04-05T17:20:29","slug":"machu-picchu-con-montana-en-tren-1-dia","status":"publish","type":"product","link":"https:\/\/www.gomachupicchubycar.com\/es\/tours\/machu-picchu-con-montana-en-tren-1-dia\/","title":{"rendered":"Tour Machu Picchu con monta\u00f1a en tren 1 d\u00eda"},"content":{"rendered":"<p><strong>Tour Machu Picchu con monta\u00f1a en tren 1 d\u00eda<\/strong>. Uno de los circuitos m\u00e1s inolvidables es la visita a la monta\u00f1a Machu Picchu, desde el punto m\u00e1s alto de la Monta\u00f1a podras observar la ciudad inca de Machu Picchu, tambi\u00e9n conocer\u00e1 la historia de <a href=\"https:\/\/www.gomachupicchubycar.com\/es\/tours\/machu-picchu-en-tren-1-dia\/\" target=\"_blank\" rel=\"noopener\">Machu Picchu<\/a>. Recorrido perfecto de un d\u00eda para visitar una de las 7 maravillas del mundo.<\/p>\n<h2>Machu Picchu con monta\u00f1a en tren 1 d\u00eda<\/h2>\n<p><a href=\"https:\/\/wa.me\/51960049879\"><img loading=\"lazy\" decoding=\"async\" class=\"alignnone size-full wp-image-38\" src=\"https:\/\/www.gomachupicchubycar.com\/es\/wp-content\/uploads\/2020\/03\/reservar.png\" alt=\"\" width=\"220\" height=\"30\" \/><\/a><\/p>\n<p><strong>Precio<\/strong>: US$ 400.00 por persona<br \/>\n<strong>Duraci\u00f3n<\/strong>: 1 d\u00eda<br \/>\n<strong>Dificultad<\/strong>: Moderada<br \/>\n<strong>Salidas diarias<\/strong><br \/>\n<strong>Tipo<\/strong>: Caminata<br \/>\n<strong>Grupo compartido<\/strong><\/p>\n<p><strong>Incluye<\/strong>:<br \/>\n<i class=\"fa fa-check icon-tick icon-tick--on\"><\/i> Recogida en tu hotel o Airbnb<br \/>\n<i class=\"fa fa-check icon-tick icon-tick--on\"><\/i> Transporte tur\u00edstico compartido Cusco &#8211; Ollantaytambo &#8211; Cusco<br \/>\n<i class=\"fa fa-check icon-tick icon-tick--on\"><\/i> Gu\u00eda profesional Bilingue (espa\u00f1ol \/ ingl\u00e9s)<br \/>\n<i class=\"fa fa-check icon-tick icon-tick--on\"><\/i> Boleto de ingreso al Santuario de Machupicchu<br \/>\n<i class=\"fa fa-check icon-tick icon-tick--on\"><\/i> Boleto de ingreso a la <a href=\"https:\/\/www.riorojocusco.com\/tours\/visita-montana-machu-picchu-con-machu-picchu-en-1-dia\/\" target=\"_blank\" rel=\"noopener\">monta\u00f1a Machu Picchu<\/a><br \/>\n<i class=\"fa fa-check icon-tick icon-tick--on\"><\/i> Bus ida y vuelta Aguas Calientes &#8211; Machu Picchu &#8211; Aguas Calientes<br \/>\n<i class=\"fa fa-check icon-tick icon-tick--on\"><\/i> Tren turistico expedition Ollantaytambo &#8211; Aguas Calientes a Ollantaytambo<br \/>\n<i class=\"fa fa-check icon-tick icon-tick--on\"><\/i> Drop off en tu Hotel<\/p>\n<p><strong>No Incluye<\/strong>:<br \/>\n<i class=\"fa fa-times icon-tick icon-tick--off\"><\/i> Seguro de viaje<br \/>\n<i class=\"fa fa-times icon-tick icon-tick--off\"><\/i> Propinas<br \/>\n<i class=\"fa fa-times icon-tick icon-tick--off\"><\/i> Otros servicios no mencionados en el Tour.<\/p>\n<p><strong>Qu\u00e9 llevar<\/strong>: zapatos de trekking, poncho para la lluvia (temporada de lluvias), gorro para el sol, bloqueador solar, gafas de sol, snack y agua.<\/p>\n<p><strong>Itinerario<\/strong>:<\/p>\n<div class=\"timeline\"><div class=\"timeline__item\">\n\t<div class=\"timeline__item__icon-wrap\">\n\t\t<div class=\"timeline__item__icon\">\n\t\t\t<div class=\"timeline__item__icon__text\">1<\/div>\n\t\t<\/div>\n\t<\/div>\n\t<div class=\"timeline__item__content padding-left\">\n\t\t<h3 class=\"timeline__item__title\">Cusco - Machu Picchu - Cusco<\/h3>\t\t<div class=\"timeline__item__description\"><br \/>\n\u2022 3:30 Recojo en tu hotel o Airbnb<br \/>\n\u2022 3:40 Transporte tur\u00edstico compartido desde Cusco a Ollantaytambo.<br \/>\n\u2022 6:10 Tren turistico expedition desde Ollantaytambo a Aguas Calientes<br \/>\n\u2022 7:20 Bus de Aguas Calientes a Machu Picchu<br \/>\n\u2022 8:00 Ascenso a la monta\u00f1a Machu Picchu (No incluye Guia)<br \/>\n\u2022 11:00 <a href=\"https:\/\/www.mountainvinicunca.com\/es\/guia-privado-en-machu-picchu\/\" target=\"_blank\" rel=\"noopener\">Guiado en Machu Picchu<\/a> por dos horas.<br \/>\n\u2022 13:30 aprox Bus de Machu Picchu a Aguas Calientes<br \/>\n\u2022 Tiempo libre<br \/>\n\u2022 18:20 Tren turistico expedition de Aguas Calientes a Ollantaytambo<br \/>\n\u2022 20:05 Llegada a Ollantaytambo y luego transporte tur\u00edstico compartido desde <a href=\"https:\/\/www.gomachupicchubycar.com\/es\/traslado-privado-ollantaytambo-a-cusco\/\" target=\"_blank\" rel=\"noopener\">Ollantaytambo a Cusco<\/a><br \/>\n\u2022 21:30 Llegada a Cusco aproximadamente y drop off en tu Hotel\n<p><strong>Nota<\/strong>: Los horarios pueden variar de este recorrido, todo depender\u00e1 de la entrada a la monta\u00f1a Machu Picchu.<br \/>\n<\/p><\/div>\t<\/div>\n<\/div>\n<\/div>\n<p>&nbsp;<\/p>\n<p><strong>Pol\u00edticas de reserva<\/strong>:<br \/>\n\u2022 Todas las ventas son definitivas.<br \/>\n\u2022 Este recorrido no tiene reprogramaci\u00f3n.<\/p>\n","protected":false},"excerpt":{"rendered":"<div class=\"padding-top text-center\"><a href=\"https:\/\/www.gomachupicchubycar.com\/es\/tours\/machu-picchu-con-montana-en-tren-1-dia\/\" class=\"atbtn atbtn--medium atbtn--rounded atbtn--transparent\">Continuar lectura&#8230;<i class=\"atbtn__icon atbtn__icon--right fa fa-long-arrow-right\"><\/i><\/a><\/div>\n","protected":false},"featured_media":75,"comment_status":"closed","ping_status":"closed","template":"","meta":[],"product_brand":[],"product_cat":[18],"product_tag":[],"class_list":{"0":"post-74","1":"product","2":"type-product","3":"status-publish","4":"has-post-thumbnail","6":"product_cat-machu-picchu","7":"tour_category-machu-picchu","9":"first","10":"instock","11":"sale","12":"shipping-taxable","13":"purchasable","14":"product-type-tour"},"aioseo_notices":[],"_links":{"self":[{"href":"https:\/\/www.gomachupicchubycar.com\/es\/wp-json\/wp\/v2\/product\/74","targetHints":{"allow":["GET"]}}],"collection":[{"href":"https:\/\/www.gomachupicchubycar.com\/es\/wp-json\/wp\/v2\/product"}],"about":[{"href":"https:\/\/www.gomachupicchubycar.com\/es\/wp-json\/wp\/v2\/types\/product"}],"replies":[{"embeddable":true,"href":"https:\/\/www.gomachupicchubycar.com\/es\/wp-json\/wp\/v2\/comments?post=74"}],"wp:featuredmedia":[{"embeddable":true,"href":"https:\/\/www.gomachupicchubycar.com\/es\/wp-json\/wp\/v2\/media\/75"}],"wp:attachment":[{"href":"https:\/\/www.gomachupicchubycar.com\/es\/wp-json\/wp\/v2\/media?parent=74"}],"wp:term":[{"taxonomy":"product_brand","embeddable":true,"href":"https:\/\/www.gomachupicchubycar.com\/es\/wp-json\/wp\/v2\/product_brand?post=74"},{"taxonomy":"product_cat","embeddable":true,"href":"https:\/\/www.gomachupicchubycar.com\/es\/wp-json\/wp\/v2\/product_cat?post=74"},{"taxonomy":"product_tag","embeddable":true,"href":"https:\/\/www.gomachupicchubycar.com\/es\/wp-json\/wp\/v2\/product_tag?post=74"}],"curies":[{"name":"wp","href":"https:\/\/api.w.org\/{rel}","templated":true}]}}