{"id":766,"date":"2025-05-16T01:08:12","date_gmt":"2025-05-16T01:08:12","guid":{"rendered":"https:\/\/www.gomachupicchubycar.com\/es\/?post_type=product&#038;p=766"},"modified":"2025-05-16T01:11:41","modified_gmt":"2025-05-16T01:11:41","slug":"privado-transporte-morada-de-los-dioses","status":"publish","type":"product","link":"https:\/\/www.gomachupicchubycar.com\/es\/tours\/privado-transporte-morada-de-los-dioses\/","title":{"rendered":"Privado transporte Morada de los Dioses"},"content":{"rendered":"<p><strong>Privado transporte Morada de los Dioses<\/strong>. Tambi\u00e9n conocida como Apukunaq Tianan (<a href=\"https:\/\/www.gomachupicchubycar.com\/es\/traslado-morada-de-los-dioses\/\" target=\"_blank\" rel=\"noopener\">Morada de los Dioses<\/a>)se encuentra en el distrito de <a href=\"https:\/\/www.cuscoairporttransport.com\/es\/tours\/traslado-desde-cusco-a-la-estacion-de-tren-de-poroy\/\" target=\"_blank\" rel=\"noopener\">Poroy<\/a> a unos 35 minutos de la ciudad del Cusco, este atractivo tur\u00edstico es muy hermoso y en donde podr\u00e1s observar esculturas talladas de piedras de Dioses y figuras mitol\u00f3gicas. Puedes recorrer el lugar en 1 hora o m\u00e1s, todo depende al ritmo en que visites cada escultura. Y si est\u00e1s buscando un traslado privado ida y vuelta hacia la morada de los dioses nosotros somos tu mejor opci\u00f3n.<\/p>\n<h2>Morada de los Dioses<\/h2>\n<p><a href=\"https:\/\/wa.me\/51960049879\"><img loading=\"lazy\" decoding=\"async\" class=\"alignnone size-full wp-image-38\" src=\"https:\/\/www.gomachupicchubycar.com\/es\/wp-content\/uploads\/2020\/03\/reservar.png\" alt=\"\" width=\"220\" height=\"30\" \/><\/a><\/p>\n<p><strong>Horarios disponibles<\/strong>: 09:00 \u2013 10:00 \u2013 11:00 \u2013 12:00 \u2013 13:00 \u2013 14:00 \u2013 15:00<br \/>\n<strong>Salidas diarias<\/strong><br \/>\n<strong>Traslado<\/strong>: Privado<br \/>\n<strong>Dificultad<\/strong>: Media Baja<\/p>\n<p><strong>Incluye<\/strong>:<br \/>\n<i class=\"fa fa-check icon-tick icon-tick--on\"><\/i> Recojo y Drop off en tu (Hotel \/ Airbnb \/ <a href=\"https:\/\/www.gomachupicchubycar.com\/es\/aeropuerto-cusco-a-hotel-en-cusco\/\" target=\"_blank\" rel=\"noopener\">Aeropuerto Cusco<\/a>)<br \/>\n<i class=\"fa fa-check icon-tick icon-tick--on\"><\/i> Movilidad y Conductor<br \/>\n<i class=\"fa fa-check icon-tick icon-tick--on\"><\/i> Tiempo de espera<\/p>\n<p><strong>No Incluye<\/strong><br \/>\n<i class=\"fa fa-times icon-tick icon-tick--off\"><\/i> Entrada, Seguro de viaje, Cuatrimotos y otros servicios no mencionados.<\/p>\n<p><strong>Importante<\/strong>:<br \/>\n\u2022 La movilidad te va recoger y esperar para que puedas visitar el atractivo y posteriormente retornar a la <a href=\"https:\/\/www.trasladosaeropuertocusco.com\/tours\/tour-privado-por-la-ciudad-del-cusco\/\" target=\"_blank\" rel=\"noopener\">ciudad del Cusco<\/a>.<\/p>\n<p>\u2022 Que llevar: Ropa ligera, zapatos de trekking, bloqueador solar, gafas, gorro, agua, snack, poncho para la lluvia (Septiembre &#8211; Marzo) y efectivo soles para gastos personales.<\/p>\n<p><img loading=\"lazy\" decoding=\"async\" class=\"alignnone size-full wp-image-768\" src=\"https:\/\/www.gomachupicchubycar.com\/es\/wp-content\/uploads\/2025\/05\/morada-de-los-dioses-traslado-privado.jpg\" alt=\"morada de los dioses traslado privado\" width=\"1440\" height=\"1800\" srcset=\"https:\/\/www.gomachupicchubycar.com\/es\/wp-content\/uploads\/2025\/05\/morada-de-los-dioses-traslado-privado.jpg 1440w, https:\/\/www.gomachupicchubycar.com\/es\/wp-content\/uploads\/2025\/05\/morada-de-los-dioses-traslado-privado-240x300.jpg 240w, https:\/\/www.gomachupicchubycar.com\/es\/wp-content\/uploads\/2025\/05\/morada-de-los-dioses-traslado-privado-819x1024.jpg 819w, https:\/\/www.gomachupicchubycar.com\/es\/wp-content\/uploads\/2025\/05\/morada-de-los-dioses-traslado-privado-768x960.jpg 768w, https:\/\/www.gomachupicchubycar.com\/es\/wp-content\/uploads\/2025\/05\/morada-de-los-dioses-traslado-privado-1229x1536.jpg 1229w, https:\/\/www.gomachupicchubycar.com\/es\/wp-content\/uploads\/2025\/05\/morada-de-los-dioses-traslado-privado-600x750.jpg 600w\" sizes=\"auto, (max-width: 1440px) 100vw, 1440px\" \/> <img loading=\"lazy\" decoding=\"async\" class=\"alignnone size-full wp-image-769\" src=\"https:\/\/www.gomachupicchubycar.com\/es\/wp-content\/uploads\/2025\/05\/morada-de-los-dioses.jpg\" alt=\"morada de los dioses\" width=\"1440\" height=\"1800\" srcset=\"https:\/\/www.gomachupicchubycar.com\/es\/wp-content\/uploads\/2025\/05\/morada-de-los-dioses.jpg 1440w, https:\/\/www.gomachupicchubycar.com\/es\/wp-content\/uploads\/2025\/05\/morada-de-los-dioses-240x300.jpg 240w, https:\/\/www.gomachupicchubycar.com\/es\/wp-content\/uploads\/2025\/05\/morada-de-los-dioses-819x1024.jpg 819w, https:\/\/www.gomachupicchubycar.com\/es\/wp-content\/uploads\/2025\/05\/morada-de-los-dioses-768x960.jpg 768w, https:\/\/www.gomachupicchubycar.com\/es\/wp-content\/uploads\/2025\/05\/morada-de-los-dioses-1229x1536.jpg 1229w, https:\/\/www.gomachupicchubycar.com\/es\/wp-content\/uploads\/2025\/05\/morada-de-los-dioses-600x750.jpg 600w\" sizes=\"auto, (max-width: 1440px) 100vw, 1440px\" \/><\/p>\n","protected":false},"excerpt":{"rendered":"<div class=\"padding-top text-center\"><a href=\"https:\/\/www.gomachupicchubycar.com\/es\/tours\/privado-transporte-morada-de-los-dioses\/\" class=\"atbtn atbtn--medium atbtn--rounded atbtn--transparent\">Continuar lectura&#8230;<i class=\"atbtn__icon atbtn__icon--right fa fa-long-arrow-right\"><\/i><\/a><\/div>\n","protected":false},"featured_media":767,"comment_status":"closed","ping_status":"closed","template":"","meta":[],"product_brand":[],"product_cat":[40],"product_tag":[],"class_list":{"0":"post-766","1":"product","2":"type-product","3":"status-publish","4":"has-post-thumbnail","6":"product_cat-traslados-privados","7":"tour_category-traslados-privados","9":"first","10":"instock","11":"shipping-taxable","12":"product-type-tour"},"aioseo_notices":[],"_links":{"self":[{"href":"https:\/\/www.gomachupicchubycar.com\/es\/wp-json\/wp\/v2\/product\/766","targetHints":{"allow":["GET"]}}],"collection":[{"href":"https:\/\/www.gomachupicchubycar.com\/es\/wp-json\/wp\/v2\/product"}],"about":[{"href":"https:\/\/www.gomachupicchubycar.com\/es\/wp-json\/wp\/v2\/types\/product"}],"replies":[{"embeddable":true,"href":"https:\/\/www.gomachupicchubycar.com\/es\/wp-json\/wp\/v2\/comments?post=766"}],"wp:featuredmedia":[{"embeddable":true,"href":"https:\/\/www.gomachupicchubycar.com\/es\/wp-json\/wp\/v2\/media\/767"}],"wp:attachment":[{"href":"https:\/\/www.gomachupicchubycar.com\/es\/wp-json\/wp\/v2\/media?parent=766"}],"wp:term":[{"taxonomy":"product_brand","embeddable":true,"href":"https:\/\/www.gomachupicchubycar.com\/es\/wp-json\/wp\/v2\/product_brand?post=766"},{"taxonomy":"product_cat","embeddable":true,"href":"https:\/\/www.gomachupicchubycar.com\/es\/wp-json\/wp\/v2\/product_cat?post=766"},{"taxonomy":"product_tag","embeddable":true,"href":"https:\/\/www.gomachupicchubycar.com\/es\/wp-json\/wp\/v2\/product_tag?post=766"}],"curies":[{"name":"wp","href":"https:\/\/api.w.org\/{rel}","templated":true}]}}