{"id":83,"date":"2020-03-28T14:29:24","date_gmt":"2020-03-28T14:29:24","guid":{"rendered":"https:\/\/www.gomachupicchubycar.com\/es\/?post_type=product&#038;p=83"},"modified":"2025-04-05T20:20:26","modified_gmt":"2025-04-05T20:20:26","slug":"montana-de-7-colores-vinicunca","status":"publish","type":"product","link":"https:\/\/www.gomachupicchubycar.com\/es\/tours\/montana-de-7-colores-vinicunca\/","title":{"rendered":"Tour Monta\u00f1a de 7 colores Vinicunca"},"content":{"rendered":"<p><strong>Tour Monta\u00f1a de 7 Colores Vinicunca 1 D\u00eda<\/strong>, Visite la monta\u00f1a de colores de Vinicunca, el segundo destino tur\u00edstico m\u00e1s visitado en Cusco, para realizar este recorrido debe tener una condici\u00f3n f\u00edsica moderada ya que requiere caminar. <a href=\"https:\/\/www.trasladosaeropuertocusco.com\/tours\/tour-privado-montana-de-7-colores\/\" target=\"_blank\" rel=\"noopener\">Vinicunca<\/a> te sorprender\u00e1 con sus hermosos paisajes y su colorida monta\u00f1a, una experiencia inolvidable.<\/p>\n<h2>Tour Monta\u00f1a de 7 colores<\/h2>\n<p><a href=\"https:\/\/wa.me\/51960049879\"><img loading=\"lazy\" decoding=\"async\" class=\"alignnone size-full wp-image-38\" src=\"https:\/\/www.gomachupicchubycar.com\/es\/wp-content\/uploads\/2020\/03\/reservar.png\" alt=\"\" width=\"220\" height=\"30\" \/><\/a><\/p>\n<p><strong>Precio<\/strong>: US $ 35.00 por persona<br \/>\n<strong>Duraci\u00f3n<\/strong>: 1 d\u00eda<br \/>\n<strong>Dificultad<\/strong>: moderada alta<br \/>\n<strong>Salidas diarias<\/strong><br \/>\n<strong>Tipo<\/strong>: Caminata<br \/>\n<strong>Grupo compartido<\/strong><\/p>\n<p><strong>Incluye<\/strong>:<br \/>\n<i class=\"fa fa-check icon-tick icon-tick--on\"><\/i> Recojo en el hotel o Airbnb<br \/>\n<i class=\"fa fa-check icon-tick icon-tick--on\"><\/i> Transporte compartido<br \/>\n<i class=\"fa fa-check icon-tick icon-tick--on\"><\/i> Desayuno y almuerzo<br \/>\n<i class=\"fa fa-check icon-tick icon-tick--on\"><\/i> Gu\u00eda bilingue<br \/>\n<i class=\"fa fa-check icon-tick icon-tick--on\"><\/i> Botiqu\u00edn de primeros auxilios y bal\u00f3n de ox\u00edgeno.<br \/>\n<i class=\"fa fa-check icon-tick icon-tick--on\"><\/i> Boleto de entrada<br \/>\n<i class=\"fa fa-check icon-tick icon-tick--on\"><\/i> Dejar en el centro de <a href=\"https:\/\/www.gomachupicchubycar.com\/es\/taxi-privado-cusco\/\" target=\"_blank\" rel=\"noopener\">Cusco<\/a><\/p>\n<p><strong>No Incluye<\/strong>:<br \/>\n<i class=\"fa fa-times icon-tick icon-tick--off\"><\/i> Seguro de viaje<br \/>\n<i class=\"fa fa-times icon-tick icon-tick--off\"><\/i> Propinas<br \/>\n<i class=\"fa fa-times icon-tick icon-tick--off\"><\/i> Otros servicios no mencionados en el Tour.<\/p>\n<p><strong>Que traer<\/strong>:<\/p>\n<p>\u2022 Una mochila peque\u00f1a.<br \/>\n\u2022 Pantal\u00f3n y chaqueta impermeables para el fr\u00edo.<br \/>\n\u2022 Camisetas y su\u00e9ter de manga larga.<br \/>\n\u2022 Poncho de lluvia (de octubre a marzo).<br \/>\n\u2022 Gorro para el sol<br \/>\n\u2022 Bloqueador solar<\/p>\n<p><strong>Itinerario<\/strong>:<\/p>\n<div class=\"timeline\"><div class=\"timeline__item\">\n\t<div class=\"timeline__item__icon-wrap\">\n\t\t<div class=\"timeline__item__icon\">\n\t\t\t<div class=\"timeline__item__icon__text\">1<\/div>\n\t\t<\/div>\n\t<\/div>\n\t<div class=\"timeline__item__content padding-left\">\n\t\t<h3 class=\"timeline__item__title\">Cusco - Monta\u00f1a de colores<\/h3>\t\t<div class=\"timeline__item__description\">\n<p>Te recogeremos en tu hotel (4:20 a.m.) y luego comenzar\u00e1 nuestro viaje rumbo a Cusipata. En esta ciudad desayunaremos en un restaurante familiar local, despu\u00e9s continuaremos nuestro viaje a Phulahuasipata por otra hora. Desde este lugar comenzaremos la caminata que dura aproximadamente 1 hora y media, hasta llegar al punto m\u00e1s alto del mirador de la monta\u00f1a, a 5100 m de altitud. Desde este lugar es posible observar la monta\u00f1a Ausangate y la monta\u00f1a <a href=\"https:\/\/www.mountainpalcoyo.com\/tours\/tour-mountain-of-the-seven-colors-vinicunca\/\" target=\"_blank\" rel=\"noopener\">Rainbow Vinicunca<\/a>, si las condiciones del tiempo lo permiten. Tendremos un tiempo moderado para visitar el lugar, la gu\u00eda le dar\u00e1 todas las indicaciones necesarias. Descansaremos despu\u00e9s de llegar a la cima y aprovecharemos para tomar fotos, antes de comenzar el descenso que tiene una duraci\u00f3n estimada de 1 hora. Regresaremos por el mismo camino a nuestro veh\u00edculo y nos trasladaremos al lugar donde almorzaremos. Despu\u00e9s de comer y recuperar energ\u00eda, continuaremos el viaje de regreso a la ciudad del Cusco. Drop off en el centro de Cusco.<\/p><\/div>\t<\/div>\n<\/div>\n<\/div>\n","protected":false},"excerpt":{"rendered":"<div class=\"padding-top text-center\"><a href=\"https:\/\/www.gomachupicchubycar.com\/es\/tours\/montana-de-7-colores-vinicunca\/\" class=\"atbtn atbtn--medium atbtn--rounded atbtn--transparent\">Continuar lectura&#8230;<i class=\"atbtn__icon atbtn__icon--right fa fa-long-arrow-right\"><\/i><\/a><\/div>\n","protected":false},"featured_media":84,"comment_status":"closed","ping_status":"closed","template":"","meta":[],"product_brand":[],"product_cat":[20],"product_tag":[],"class_list":{"0":"post-83","1":"product","2":"type-product","3":"status-publish","4":"has-post-thumbnail","6":"product_cat-full-day","7":"tour_category-full-day","9":"first","10":"instock","11":"sale","12":"shipping-taxable","13":"purchasable","14":"product-type-tour"},"aioseo_notices":[],"_links":{"self":[{"href":"https:\/\/www.gomachupicchubycar.com\/es\/wp-json\/wp\/v2\/product\/83","targetHints":{"allow":["GET"]}}],"collection":[{"href":"https:\/\/www.gomachupicchubycar.com\/es\/wp-json\/wp\/v2\/product"}],"about":[{"href":"https:\/\/www.gomachupicchubycar.com\/es\/wp-json\/wp\/v2\/types\/product"}],"replies":[{"embeddable":true,"href":"https:\/\/www.gomachupicchubycar.com\/es\/wp-json\/wp\/v2\/comments?post=83"}],"wp:featuredmedia":[{"embeddable":true,"href":"https:\/\/www.gomachupicchubycar.com\/es\/wp-json\/wp\/v2\/media\/84"}],"wp:attachment":[{"href":"https:\/\/www.gomachupicchubycar.com\/es\/wp-json\/wp\/v2\/media?parent=83"}],"wp:term":[{"taxonomy":"product_brand","embeddable":true,"href":"https:\/\/www.gomachupicchubycar.com\/es\/wp-json\/wp\/v2\/product_brand?post=83"},{"taxonomy":"product_cat","embeddable":true,"href":"https:\/\/www.gomachupicchubycar.com\/es\/wp-json\/wp\/v2\/product_cat?post=83"},{"taxonomy":"product_tag","embeddable":true,"href":"https:\/\/www.gomachupicchubycar.com\/es\/wp-json\/wp\/v2\/product_tag?post=83"}],"curies":[{"name":"wp","href":"https:\/\/api.w.org\/{rel}","templated":true}]}}