{"id":92,"date":"2020-03-28T14:59:14","date_gmt":"2020-03-28T14:59:14","guid":{"rendered":"https:\/\/www.gomachupicchubycar.com\/es\/?post_type=product&#038;p=92"},"modified":"2025-04-05T22:32:45","modified_gmt":"2025-04-05T22:32:45","slug":"chinchero-maras-moray-con-valle-sagrado-de-los-incas","status":"publish","type":"product","link":"https:\/\/www.gomachupicchubycar.com\/es\/tours\/chinchero-maras-moray-con-valle-sagrado-de-los-incas\/","title":{"rendered":"Tour Chinchero, Maras Moray con Valle Sagrado de los Incas"},"content":{"rendered":"<p><strong>Tour Chinchero Maras Moray con Valle Sagrado de los Incas en 1 completo<\/strong>, recorrido perfecto para explorar las principales atracciones del <a href=\"https:\/\/www.gomachupicchubycar.com\/es\/tours\/tour-privado-valle-sagrado-de-los-incas-en-1-dia\/\" target=\"_blank\" rel=\"noopener\">valle sagrado de los Incas<\/a>. Los lugares para visitar en este recorrido son la ciudad de Chinchero, las plataformas de moray, las salineras de maras, el centro arqueol\u00f3gico de <a href=\"https:\/\/www.gomachupicchubycar.com\/es\/traslado-privado-ollantaytambo-a-cusco\/\" target=\"_blank\" rel=\"noopener\">Ollantaytambo<\/a> y las ruinas de <a href=\"https:\/\/www.gomachupicchubycar.com\/es\/traslado-privado-cusco-a-pisac\/\" target=\"_blank\" rel=\"noopener\">Pisac<\/a>. Disfruta de este recorrido con hermosos paisajes y conoce la historia de cada uno de ellos.<\/p>\n<h2>Chinchero Maras Moray con Valle Sagrado de los Incas<\/h2>\n<p><a href=\"https:\/\/wa.me\/51960049879\"><img loading=\"lazy\" decoding=\"async\" class=\"alignnone size-full wp-image-38\" src=\"https:\/\/www.gomachupicchubycar.com\/es\/wp-content\/uploads\/2020\/03\/reservar.png\" alt=\"reservar\" width=\"220\" height=\"30\" \/><\/a><\/p>\n<p><strong>Precio<\/strong>: US $ 35.00 por persona<br \/>\n<strong>Duraci\u00f3n<\/strong>: 1 d\u00eda<br \/>\n<strong>Dificultad<\/strong>: Moderada<br \/>\n<strong>Salidas diarias<\/strong><br \/>\n<strong>Tipo<\/strong>: Caminata<br \/>\n<strong>Grupo compartido<\/strong><\/p>\n<p><strong>Incluye<\/strong>:<br \/>\n<i class=\"fa fa-check icon-tick icon-tick--on\"><\/i> Recojo en el hotel o Airbnb.<br \/>\n<i class=\"fa fa-check icon-tick icon-tick--on\"><\/i> Transporte compartido<br \/>\n<i class=\"fa fa-check icon-tick icon-tick--on\"><\/i> Almuerzo buffet<br \/>\n<i class=\"fa fa-check icon-tick icon-tick--on\"><\/i> Entrada a Salinera de Maras<br \/>\n<i class=\"fa fa-check icon-tick icon-tick--on\"><\/i> Gu\u00eda bilingue<br \/>\n<i class=\"fa fa-check icon-tick icon-tick--on\"><\/i> Drop off en el centro del Cusco<\/p>\n<p><strong>No Incluye<\/strong>:<br \/>\n<i class=\"fa fa-times icon-tick icon-tick--off\"><\/i> Boleto Tur\u00edstico Cusco<br \/>\n<i class=\"fa fa-times icon-tick icon-tick--off\"><\/i> Seguro de viaje<br \/>\n<i class=\"fa fa-times icon-tick icon-tick--off\"><\/i> Propinas<br \/>\n<i class=\"fa fa-times icon-tick icon-tick--off\"><\/i> Otros servicios no mencionados en el tour.<\/p>\n<p><strong>Qu\u00e9 llevar<\/strong>: Zapatos de trekking, gorro para protegerse del sol, gafas de sol, protector solar, refrigerio, agua y ropa c\u00f3moda.<\/p>\n<p><strong>Itinerario<\/strong>:<\/p>\n<div class=\"timeline\"><div class=\"timeline__item\">\n\t<div class=\"timeline__item__icon-wrap\">\n\t\t<div class=\"timeline__item__icon\">\n\t\t\t<div class=\"timeline__item__icon__text\">1<\/div>\n\t\t<\/div>\n\t<\/div>\n\t<div class=\"timeline__item__content padding-left\">\n\t\t<h3 class=\"timeline__item__title\">Cusco - Maras Moray - Valle Sagrado<\/h3>\t\t<div class=\"timeline__item__description\">Alrededor de las 6:45 lo recogeremos en su hotel y haremos un viaje al norte de la ciudad de <a href=\"https:\/\/www.riorojocusco.com\/transporte-privado-cusco-a-pallay-punchu\/\" target=\"_blank\" rel=\"noopener\">Cusco<\/a> para visitar el valle sagrado de los incas. El primer destino para visitar ser\u00e1 Chinchero, donde podr\u00e1 conocer toda su historia, luego iremos a los Andenes de Moray, donde conocer\u00e1 este hermoso lugar agr\u00edcola, luego iremos al mirador de las Salinera de Maras, donde podr\u00e1 observar m\u00e1s de 3000 mil pozos de sal y cada una de ellos de un \u00e1rea de 5 metros. La salinera de maras es un destino espectacular. Continuaremos nuestro viaje a <a href=\"https:\/\/www.trasladosaeropuertocusco.com\/traslado-urubamba-a-cusco\/\" target=\"_blank\" rel=\"noopener\">Urubamba<\/a> donde tendremos nuestro almuerzo buffet.\n<p>Despu\u00e9s de nuestro almuerzo visitaremos el centro arqueol\u00f3gico de Ollantaytambo donde tendremos una visita guiada y poco tiempo para recorrer el lugar. Finalmente iremos a las ruinas de Pisac donde tendremos una visita guiada y luego regresaremos a la ciudad de Cusco.<\/p>\n<p>Drop off en el centro del Cusco.<br \/>\n<\/p><\/div>\t<\/div>\n<\/div>\n<\/div>\n","protected":false},"excerpt":{"rendered":"<div class=\"padding-top text-center\"><a href=\"https:\/\/www.gomachupicchubycar.com\/es\/tours\/chinchero-maras-moray-con-valle-sagrado-de-los-incas\/\" class=\"atbtn atbtn--medium atbtn--rounded atbtn--transparent\">Continuar lectura&#8230;<i class=\"atbtn__icon atbtn__icon--right fa fa-long-arrow-right\"><\/i><\/a><\/div>\n","protected":false},"featured_media":93,"comment_status":"closed","ping_status":"closed","template":"","meta":[],"product_brand":[],"product_cat":[20],"product_tag":[],"class_list":{"0":"post-92","1":"product","2":"type-product","3":"status-publish","4":"has-post-thumbnail","6":"product_cat-full-day","7":"tour_category-full-day","9":"first","10":"instock","11":"sale","12":"shipping-taxable","13":"purchasable","14":"product-type-tour"},"aioseo_notices":[],"_links":{"self":[{"href":"https:\/\/www.gomachupicchubycar.com\/es\/wp-json\/wp\/v2\/product\/92","targetHints":{"allow":["GET"]}}],"collection":[{"href":"https:\/\/www.gomachupicchubycar.com\/es\/wp-json\/wp\/v2\/product"}],"about":[{"href":"https:\/\/www.gomachupicchubycar.com\/es\/wp-json\/wp\/v2\/types\/product"}],"replies":[{"embeddable":true,"href":"https:\/\/www.gomachupicchubycar.com\/es\/wp-json\/wp\/v2\/comments?post=92"}],"wp:featuredmedia":[{"embeddable":true,"href":"https:\/\/www.gomachupicchubycar.com\/es\/wp-json\/wp\/v2\/media\/93"}],"wp:attachment":[{"href":"https:\/\/www.gomachupicchubycar.com\/es\/wp-json\/wp\/v2\/media?parent=92"}],"wp:term":[{"taxonomy":"product_brand","embeddable":true,"href":"https:\/\/www.gomachupicchubycar.com\/es\/wp-json\/wp\/v2\/product_brand?post=92"},{"taxonomy":"product_cat","embeddable":true,"href":"https:\/\/www.gomachupicchubycar.com\/es\/wp-json\/wp\/v2\/product_cat?post=92"},{"taxonomy":"product_tag","embeddable":true,"href":"https:\/\/www.gomachupicchubycar.com\/es\/wp-json\/wp\/v2\/product_tag?post=92"}],"curies":[{"name":"wp","href":"https:\/\/api.w.org\/{rel}","templated":true}]}}